{"id":489,"date":"2018-09-18T17:07:36","date_gmt":"2018-09-18T15:07:36","guid":{"rendered":"http:\/\/bianchipaterlini.it\/home\/"},"modified":"2023-09-13T13:58:44","modified_gmt":"2023-09-13T11:58:44","slug":"home","status":"publish","type":"page","link":"https:\/\/bianchipaterlini.it\/en\/","title":{"rendered":"Home"},"content":{"rendered":"<p>Lorem ipsum dolor sit amet, consectetur adipiscing elit. Vestibulum consequat, orci ac laoreet cursus, dolor sem luctus lorem, eget consequat magna felis a magna. Aliquam scelerisque condimentum ante, eget facilisis tortor lobortis in. In interdum venenatis justo eget consequat. Morbi commodo rhoncus mi nec pharetra. Aliquam erat volutpat. Mauris non lorem eu dolor hendrerit dapibus. Mauris mollis nisl quis sapien posuere consectetur. Nullam in sapien at nisi ornare bibendum at ut lectus. Pellentesque ut magna mauris. Nam viverra suscipit ligula, sed accumsan enim placerat nec. Cras vitae metus vel dolor ultrices sagittis. Duis venenatis augue sed risus laoreet congue ac ac leo. Donec fermentum accumsan libero sit amet iaculis. Duis tristique dictum enim, ac fringilla risus bibendum in. Nunc ornare, quam sit amet ultricies gravida, tortor mi malesuada urna, quis commodo dui nibh in lacus. Nunc vel tortor mi. Pellentesque vel urna a arcu adipiscing imperdiet vitae sit amet neque. Integer eu lectus et nunc dictum sagittis. Curabitur commodo vulputate fringilla. Sed eleifend, arcu convallis adipiscing congue, dui turpis commodo magna, et vehicula sapien turpis sit amet nisi.<\/p>\n","protected":false},"excerpt":{"rendered":"<p>Lorem ipsum dolor sit amet, consectetur adipiscing elit. Vestibulum consequat, orci ac laoreet cursus, dolor sem luctus lorem, eget consequat magna felis a magna. Aliquam scelerisque condimentum ante, eget facilisis tortor lobortis in. In interdum venenatis justo eget consequat. Morbi commodo rhoncus mi nec pharetra. Aliquam erat volutpat. Mauris non lorem eu dolor hendrerit dapibus. &hellip; <a href=\"https:\/\/bianchipaterlini.it\/en\/\">Continued<\/a><\/p>\n","protected":false},"author":1,"featured_media":0,"parent":0,"menu_order":-1,"comment_status":"closed","ping_status":"closed","template":"template-home.php","meta":{"footnotes":""},"acf":[],"yoast_head":"<!-- This site is optimized with the Yoast SEO plugin v21.2 - https:\/\/yoast.com\/wordpress\/plugins\/seo\/ -->\n<title>Bianchi Paterlini &amp; Associati | Commercialista Brescia<\/title>\n<meta name=\"description\" content=\"Un team di professionisti composto da Avvocati e Dottori Commercialisti \u00e8 in grado di garantire una stretta contiguit\u00e0 e una forte integrazione tra le differenti aree di attivit\u00e0.\" \/>\n<meta name=\"robots\" content=\"index, follow, max-snippet:-1, max-image-preview:large, max-video-preview:-1\" \/>\n<link rel=\"canonical\" href=\"https:\/\/bianchipaterlini.it\/en\/\" \/>\n<meta property=\"og:locale\" content=\"en_US\" \/>\n<meta property=\"og:type\" content=\"article\" \/>\n<meta property=\"og:title\" content=\"Bianchi Paterlini &amp; Associati | Commercialista Brescia\" \/>\n<meta property=\"og:description\" content=\"Un team di professionisti composto da Avvocati e Dottori Commercialisti \u00e8 in grado di garantire una stretta contiguit\u00e0 e una forte integrazione tra le differenti aree di attivit\u00e0.\" \/>\n<meta property=\"og:url\" content=\"https:\/\/bianchipaterlini.it\/en\/\" \/>\n<meta property=\"og:site_name\" content=\"Bianchi Paterlini - Dottori Commercialisti\" \/>\n<meta property=\"article:modified_time\" content=\"2023-09-13T11:58:44+00:00\" \/>\n<meta name=\"twitter:card\" content=\"summary_large_image\" \/>\n<meta name=\"twitter:label1\" content=\"Est. reading time\" \/>\n\t<meta name=\"twitter:data1\" content=\"1 minute\" \/>\n<script type=\"application\/ld+json\" class=\"yoast-schema-graph\">{\"@context\":\"https:\/\/schema.org\",\"@graph\":[{\"@type\":\"WebPage\",\"@id\":\"https:\/\/bianchipaterlini.it\/en\/\",\"url\":\"https:\/\/bianchipaterlini.it\/en\/\",\"name\":\"Bianchi Paterlini & Associati | Commercialista Brescia\",\"isPartOf\":{\"@id\":\"https:\/\/bianchipaterlini.it\/#website\"},\"datePublished\":\"2018-09-18T15:07:36+00:00\",\"dateModified\":\"2023-09-13T11:58:44+00:00\",\"description\":\"Un team di professionisti composto da Avvocati e Dottori Commercialisti \u00e8 in grado di garantire una stretta contiguit\u00e0 e una forte integrazione tra le differenti aree di attivit\u00e0.\",\"breadcrumb\":{\"@id\":\"https:\/\/bianchipaterlini.it\/en\/#breadcrumb\"},\"inLanguage\":\"en-US\",\"potentialAction\":[{\"@type\":\"ReadAction\",\"target\":[\"https:\/\/bianchipaterlini.it\/en\/\"]}]},{\"@type\":\"BreadcrumbList\",\"@id\":\"https:\/\/bianchipaterlini.it\/en\/#breadcrumb\",\"itemListElement\":[{\"@type\":\"ListItem\",\"position\":1,\"name\":\"Home\",\"item\":\"https:\/\/bianchipaterlini.it\/en\/\"},{\"@type\":\"ListItem\",\"position\":2,\"name\":\"Home\"}]},{\"@type\":\"WebSite\",\"@id\":\"https:\/\/bianchipaterlini.it\/#website\",\"url\":\"https:\/\/bianchipaterlini.it\/\",\"name\":\"Bianchi Paterlini - Dottori Commercialisti\",\"description\":\"Dottori Commercialisti\",\"potentialAction\":[{\"@type\":\"SearchAction\",\"target\":{\"@type\":\"EntryPoint\",\"urlTemplate\":\"https:\/\/bianchipaterlini.it\/?s={search_term_string}\"},\"query-input\":\"required name=search_term_string\"}],\"inLanguage\":\"en-US\"}]}<\/script>\n<!-- \/ Yoast SEO plugin. -->","yoast_head_json":{"title":"Bianchi Paterlini & Associati | Commercialista Brescia","description":"Un team di professionisti composto da Avvocati e Dottori Commercialisti \u00e8 in grado di garantire una stretta contiguit\u00e0 e una forte integrazione tra le differenti aree di attivit\u00e0.","robots":{"index":"index","follow":"follow","max-snippet":"max-snippet:-1","max-image-preview":"max-image-preview:large","max-video-preview":"max-video-preview:-1"},"canonical":"https:\/\/bianchipaterlini.it\/en\/","og_locale":"en_US","og_type":"article","og_title":"Bianchi Paterlini & Associati | Commercialista Brescia","og_description":"Un team di professionisti composto da Avvocati e Dottori Commercialisti \u00e8 in grado di garantire una stretta contiguit\u00e0 e una forte integrazione tra le differenti aree di attivit\u00e0.","og_url":"https:\/\/bianchipaterlini.it\/en\/","og_site_name":"Bianchi Paterlini - Dottori Commercialisti","article_modified_time":"2023-09-13T11:58:44+00:00","twitter_card":"summary_large_image","twitter_misc":{"Est. reading time":"1 minute"},"schema":{"@context":"https:\/\/schema.org","@graph":[{"@type":"WebPage","@id":"https:\/\/bianchipaterlini.it\/en\/","url":"https:\/\/bianchipaterlini.it\/en\/","name":"Bianchi Paterlini & Associati | Commercialista Brescia","isPartOf":{"@id":"https:\/\/bianchipaterlini.it\/#website"},"datePublished":"2018-09-18T15:07:36+00:00","dateModified":"2023-09-13T11:58:44+00:00","description":"Un team di professionisti composto da Avvocati e Dottori Commercialisti \u00e8 in grado di garantire una stretta contiguit\u00e0 e una forte integrazione tra le differenti aree di attivit\u00e0.","breadcrumb":{"@id":"https:\/\/bianchipaterlini.it\/en\/#breadcrumb"},"inLanguage":"en-US","potentialAction":[{"@type":"ReadAction","target":["https:\/\/bianchipaterlini.it\/en\/"]}]},{"@type":"BreadcrumbList","@id":"https:\/\/bianchipaterlini.it\/en\/#breadcrumb","itemListElement":[{"@type":"ListItem","position":1,"name":"Home","item":"https:\/\/bianchipaterlini.it\/en\/"},{"@type":"ListItem","position":2,"name":"Home"}]},{"@type":"WebSite","@id":"https:\/\/bianchipaterlini.it\/#website","url":"https:\/\/bianchipaterlini.it\/","name":"Bianchi Paterlini - Dottori Commercialisti","description":"Dottori Commercialisti","potentialAction":[{"@type":"SearchAction","target":{"@type":"EntryPoint","urlTemplate":"https:\/\/bianchipaterlini.it\/?s={search_term_string}"},"query-input":"required name=search_term_string"}],"inLanguage":"en-US"}]}},"_links":{"self":[{"href":"https:\/\/bianchipaterlini.it\/en\/wp-json\/wp\/v2\/pages\/489"}],"collection":[{"href":"https:\/\/bianchipaterlini.it\/en\/wp-json\/wp\/v2\/pages"}],"about":[{"href":"https:\/\/bianchipaterlini.it\/en\/wp-json\/wp\/v2\/types\/page"}],"author":[{"embeddable":true,"href":"https:\/\/bianchipaterlini.it\/en\/wp-json\/wp\/v2\/users\/1"}],"replies":[{"embeddable":true,"href":"https:\/\/bianchipaterlini.it\/en\/wp-json\/wp\/v2\/comments?post=489"}],"version-history":[{"count":14,"href":"https:\/\/bianchipaterlini.it\/en\/wp-json\/wp\/v2\/pages\/489\/revisions"}],"predecessor-version":[{"id":6041,"href":"https:\/\/bianchipaterlini.it\/en\/wp-json\/wp\/v2\/pages\/489\/revisions\/6041"}],"wp:attachment":[{"href":"https:\/\/bianchipaterlini.it\/en\/wp-json\/wp\/v2\/media?parent=489"}],"curies":[{"name":"wp","href":"https:\/\/api.w.org\/{rel}","templated":true}]}}